{"id":1059,"date":"2024-04-25T08:36:19","date_gmt":"2024-04-25T06:36:19","guid":{"rendered":"https:\/\/leportevoix.fr\/legal-information\/"},"modified":"2024-06-13T09:13:24","modified_gmt":"2024-06-13T07:13:24","slug":"mentions-legales","status":"publish","type":"page","link":"https:\/\/leportevoix.fr\/en\/mentions-legales\/","title":{"rendered":"Legal information"},"content":{"rendered":"<p><strong>Legal information<\/strong><\/p>\n<p>Compagnie du Porte-Voix<br \/>\nMaison des Associations<br \/>\n11 rue des anciennes mairies<br \/>\n92000 Nanterre<\/p>\n<p>+33 (0)6 83 06 51 72<br \/>\n<a href=\"mailto:administration@leportevoix.fr\"><span style=\"text-decoration: underline;\">administration@leportevoix.fr<\/span><\/a><\/p>\n<p>Publication manager: Elsa Br\u00e8s<\/p>\n<p>Website hosted by OVH<br \/>\n2 rue Kellermann \u2013 BP 80157 59053 Roubaix CEDEX 1<\/p>\n<p>Website designed by: <a href=\"https:\/\/loicthisse.com\/\" target=\"_blank\" rel=\"noopener\"><span style=\"text-decoration: underline;\">Lo\u00efc Thisse<\/span><\/a><\/p>\n<p>Photo credits: Association Limouzi Mon Pays, Bastien Capella, Luc Degassart, Didier Comellec, Fran\u00e7ois Fogel, Pierre-Alain Heydel, Humansur, St\u00e9phane Privat, Etienne Obry, Fr\u00e9d\u00e9ric Obry, Marl\u00e8ne Rocher, Martha Rodezno, Ivan Siret, Audrey Terrisse, Sandrine Turpin, Dominique Vall\u00e8s<\/p>\n","protected":false},"excerpt":{"rendered":"<p>Legal information Compagnie du Porte-Voix Maison des Associations 11 rue des anciennes mairies 92000 Nanterre +33 (0)6 83 06 51 72 administration@leportevoix.fr Publication manager: Elsa Br\u00e8s Website hosted by OVH 2 rue Kellermann \u2013 BP 80157 59053 Roubaix CEDEX 1 Website designed by: Lo\u00efc Thisse Photo credits: Association Limouzi Mon Pays, Bastien Capella, Luc Degassart, [&hellip;]<\/p>\n","protected":false},"author":1,"featured_media":0,"parent":0,"menu_order":0,"comment_status":"closed","ping_status":"closed","template":"","meta":{"iawp_total_views":8,"footnotes":""},"class_list":["post-1059","page","type-page","status-publish","hentry","grve-entry-item"],"yoast_head":"<!-- This site is optimized with the Yoast SEO plugin v26.9 - https:\/\/yoast.com\/product\/yoast-seo-wordpress\/ -->\n<title>Legal information - Le Porte-Voix<\/title>\n<meta name=\"description\" content=\"Legal information, Porte-Voix company.\" \/>\n<meta name=\"robots\" content=\"index, follow, max-snippet:-1, max-image-preview:large, max-video-preview:-1\" \/>\n<link rel=\"canonical\" href=\"https:\/\/leportevoix.fr\/en\/mentions-legales\/\" \/>\n<meta property=\"og:locale\" content=\"en_US\" \/>\n<meta property=\"og:type\" content=\"article\" \/>\n<meta property=\"og:title\" content=\"Legal information - Le Porte-Voix\" \/>\n<meta property=\"og:description\" content=\"Legal information, Porte-Voix company.\" \/>\n<meta property=\"og:url\" content=\"https:\/\/leportevoix.fr\/en\/mentions-legales\/\" \/>\n<meta property=\"og:site_name\" content=\"Le Porte-Voix\" \/>\n<meta property=\"article:publisher\" content=\"https:\/\/www.facebook.com\/CompagniePorteVoix\/\" \/>\n<meta property=\"article:modified_time\" content=\"2024-06-13T07:13:24+00:00\" \/>\n<meta property=\"og:image\" content=\"https:\/\/leportevoix.fr\/wp-content\/uploads\/2024\/05\/koom-banniere-2.jpg\" \/>\n\t<meta property=\"og:image:width\" content=\"1920\" \/>\n\t<meta property=\"og:image:height\" content=\"1035\" \/>\n\t<meta property=\"og:image:type\" content=\"image\/jpeg\" \/>\n<meta name=\"twitter:card\" content=\"summary_large_image\" \/>\n<script type=\"application\/ld+json\" class=\"yoast-schema-graph\">{\"@context\":\"https:\/\/schema.org\",\"@graph\":[{\"@type\":\"WebPage\",\"@id\":\"https:\/\/leportevoix.fr\/en\/mentions-legales\/\",\"url\":\"https:\/\/leportevoix.fr\/en\/mentions-legales\/\",\"name\":\"Legal information - Le Porte-Voix\",\"isPartOf\":{\"@id\":\"https:\/\/leportevoix.fr\/#website\"},\"datePublished\":\"2024-04-25T06:36:19+00:00\",\"dateModified\":\"2024-06-13T07:13:24+00:00\",\"description\":\"Legal information, Porte-Voix company.\",\"breadcrumb\":{\"@id\":\"https:\/\/leportevoix.fr\/en\/mentions-legales\/#breadcrumb\"},\"inLanguage\":\"en-US\",\"potentialAction\":[{\"@type\":\"ReadAction\",\"target\":[\"https:\/\/leportevoix.fr\/en\/mentions-legales\/\"]}]},{\"@type\":\"BreadcrumbList\",\"@id\":\"https:\/\/leportevoix.fr\/en\/mentions-legales\/#breadcrumb\",\"itemListElement\":[{\"@type\":\"ListItem\",\"position\":1,\"name\":\"Accueil\",\"item\":\"https:\/\/leportevoix.fr\/en\/\"},{\"@type\":\"ListItem\",\"position\":2,\"name\":\"Legal information\"}]},{\"@type\":\"WebSite\",\"@id\":\"https:\/\/leportevoix.fr\/#website\",\"url\":\"https:\/\/leportevoix.fr\/\",\"name\":\"Le Porte-Voix\",\"description\":\"Th\u00e9\u00e2tre musical pour l&#039;enfance\",\"publisher\":{\"@id\":\"https:\/\/leportevoix.fr\/#organization\"},\"potentialAction\":[{\"@type\":\"SearchAction\",\"target\":{\"@type\":\"EntryPoint\",\"urlTemplate\":\"https:\/\/leportevoix.fr\/?s={search_term_string}\"},\"query-input\":{\"@type\":\"PropertyValueSpecification\",\"valueRequired\":true,\"valueName\":\"search_term_string\"}}],\"inLanguage\":\"en-US\"},{\"@type\":\"Organization\",\"@id\":\"https:\/\/leportevoix.fr\/#organization\",\"name\":\"Le Porte-Voix\",\"url\":\"https:\/\/leportevoix.fr\/\",\"logo\":{\"@type\":\"ImageObject\",\"inLanguage\":\"en-US\",\"@id\":\"https:\/\/leportevoix.fr\/#\/schema\/logo\/image\/\",\"url\":\"https:\/\/leportevoix.fr\/wp-content\/uploads\/2024\/04\/porte-voix-logo-avec-slogan.png\",\"contentUrl\":\"https:\/\/leportevoix.fr\/wp-content\/uploads\/2024\/04\/porte-voix-logo-avec-slogan.png\",\"width\":600,\"height\":197,\"caption\":\"Le Porte-Voix\"},\"image\":{\"@id\":\"https:\/\/leportevoix.fr\/#\/schema\/logo\/image\/\"},\"sameAs\":[\"https:\/\/www.facebook.com\/CompagniePorteVoix\/\"]}]}<\/script>\n<!-- \/ Yoast SEO plugin. -->","yoast_head_json":{"title":"Legal information - Le Porte-Voix","description":"Legal information, Porte-Voix company.","robots":{"index":"index","follow":"follow","max-snippet":"max-snippet:-1","max-image-preview":"max-image-preview:large","max-video-preview":"max-video-preview:-1"},"canonical":"https:\/\/leportevoix.fr\/en\/mentions-legales\/","og_locale":"en_US","og_type":"article","og_title":"Legal information - Le Porte-Voix","og_description":"Legal information, Porte-Voix company.","og_url":"https:\/\/leportevoix.fr\/en\/mentions-legales\/","og_site_name":"Le Porte-Voix","article_publisher":"https:\/\/www.facebook.com\/CompagniePorteVoix\/","article_modified_time":"2024-06-13T07:13:24+00:00","og_image":[{"width":1920,"height":1035,"url":"https:\/\/leportevoix.fr\/wp-content\/uploads\/2024\/05\/koom-banniere-2.jpg","type":"image\/jpeg"}],"twitter_card":"summary_large_image","schema":{"@context":"https:\/\/schema.org","@graph":[{"@type":"WebPage","@id":"https:\/\/leportevoix.fr\/en\/mentions-legales\/","url":"https:\/\/leportevoix.fr\/en\/mentions-legales\/","name":"Legal information - Le Porte-Voix","isPartOf":{"@id":"https:\/\/leportevoix.fr\/#website"},"datePublished":"2024-04-25T06:36:19+00:00","dateModified":"2024-06-13T07:13:24+00:00","description":"Legal information, Porte-Voix company.","breadcrumb":{"@id":"https:\/\/leportevoix.fr\/en\/mentions-legales\/#breadcrumb"},"inLanguage":"en-US","potentialAction":[{"@type":"ReadAction","target":["https:\/\/leportevoix.fr\/en\/mentions-legales\/"]}]},{"@type":"BreadcrumbList","@id":"https:\/\/leportevoix.fr\/en\/mentions-legales\/#breadcrumb","itemListElement":[{"@type":"ListItem","position":1,"name":"Accueil","item":"https:\/\/leportevoix.fr\/en\/"},{"@type":"ListItem","position":2,"name":"Legal information"}]},{"@type":"WebSite","@id":"https:\/\/leportevoix.fr\/#website","url":"https:\/\/leportevoix.fr\/","name":"Le Porte-Voix","description":"Th\u00e9\u00e2tre musical pour l&#039;enfance","publisher":{"@id":"https:\/\/leportevoix.fr\/#organization"},"potentialAction":[{"@type":"SearchAction","target":{"@type":"EntryPoint","urlTemplate":"https:\/\/leportevoix.fr\/?s={search_term_string}"},"query-input":{"@type":"PropertyValueSpecification","valueRequired":true,"valueName":"search_term_string"}}],"inLanguage":"en-US"},{"@type":"Organization","@id":"https:\/\/leportevoix.fr\/#organization","name":"Le Porte-Voix","url":"https:\/\/leportevoix.fr\/","logo":{"@type":"ImageObject","inLanguage":"en-US","@id":"https:\/\/leportevoix.fr\/#\/schema\/logo\/image\/","url":"https:\/\/leportevoix.fr\/wp-content\/uploads\/2024\/04\/porte-voix-logo-avec-slogan.png","contentUrl":"https:\/\/leportevoix.fr\/wp-content\/uploads\/2024\/04\/porte-voix-logo-avec-slogan.png","width":600,"height":197,"caption":"Le Porte-Voix"},"image":{"@id":"https:\/\/leportevoix.fr\/#\/schema\/logo\/image\/"},"sameAs":["https:\/\/www.facebook.com\/CompagniePorteVoix\/"]}]}},"_links":{"self":[{"href":"https:\/\/leportevoix.fr\/en\/wp-json\/wp\/v2\/pages\/1059","targetHints":{"allow":["GET"]}}],"collection":[{"href":"https:\/\/leportevoix.fr\/en\/wp-json\/wp\/v2\/pages"}],"about":[{"href":"https:\/\/leportevoix.fr\/en\/wp-json\/wp\/v2\/types\/page"}],"author":[{"embeddable":true,"href":"https:\/\/leportevoix.fr\/en\/wp-json\/wp\/v2\/users\/1"}],"replies":[{"embeddable":true,"href":"https:\/\/leportevoix.fr\/en\/wp-json\/wp\/v2\/comments?post=1059"}],"version-history":[{"count":1,"href":"https:\/\/leportevoix.fr\/en\/wp-json\/wp\/v2\/pages\/1059\/revisions"}],"predecessor-version":[{"id":1228,"href":"https:\/\/leportevoix.fr\/en\/wp-json\/wp\/v2\/pages\/1059\/revisions\/1228"}],"wp:attachment":[{"href":"https:\/\/leportevoix.fr\/en\/wp-json\/wp\/v2\/media?parent=1059"}],"curies":[{"name":"wp","href":"https:\/\/api.w.org\/{rel}","templated":true}]}}